{"id":11,"date":"2016-03-02T11:23:57","date_gmt":"2016-03-02T10:23:57","guid":{"rendered":"http:\/\/biblioteka.zse.bydgoszcz.pl\/beta\/?page_id=11"},"modified":"2020-09-01T20:08:03","modified_gmt":"2020-09-01T18:08:03","slug":"regulaminy","status":"publish","type":"page","link":"https:\/\/biblioteka.zse.bydgoszcz.pl\/index.php\/regulaminy\/","title":{"rendered":"Regulaminy"},"content":{"rendered":"<h5><a href=\"https:\/\/zse.bydgoszcz.pl\/wp-content\/uploads\/2020\/08\/Wewn%C4%99trzne_procedury_bezpiecze%C5%84stwa_COVID_19.pdf\">PROCEDURY BEZPIECZE\u0143STWA W OKRESIE PANDEMII COVID-19 NA TERENIE ZESPO\u0141U SZK\u00d3\u0141 ELEKTRONICZNYCH IM.WOJSKA POLSKIEGO W BYDGOSZCZY<\/a><\/h5>\n<div dir=\"auto\">\n<div dir=\"auto\"><strong> \u00a7 7.\u00a0 Zasady korzystania z biblioteki szkolnej<\/strong><\/div>\n<div dir=\"auto\"><\/div>\n<div dir=\"auto\">1. Biblioteka prowadzi normaln\u0105 dzia\u0142alno\u015b\u0107 zwi\u0105zan\u0105 z wypo\u017cyczaniem ksi\u0105\u017cek i udost\u0119pnieniem czasopism w czytelni z uwarunkowaniami zwi\u0105zanymi z przeciwdzia\u0142aniem rozprzestrzenianie si\u0119 Covid-19.<\/div>\n<div dir=\"auto\">2. Do celu wypo\u017cyczania ksi\u0105\u017cek uruchomione zostaje okienko wydawania w drzwiach sali nr 117.<\/div>\n<div dir=\"auto\">3. Biblioteka jest czynna zgodnie z ustalonym harmonogramem r\u00f3wnie\u017c w czasie przerw lekcyjnych, aby uczniowie mogli korzysta\u0107 z ksi\u0119gozbioru.<\/div>\n<div dir=\"auto\">4. Dezynfekcja blat\u00f3w i wietrzenie pomieszcze\u0144 b\u0119dzie odbywa\u0142o si\u0119 na bie\u017c\u0105co w trakcie dnia pracy.<\/div>\n<div dir=\"auto\">5. Uczniowie w czasie przebywanie w bibliotece zachowuj\u0105 bezpieczny dystans wynosz\u0105cy min. 1,5 m.<\/div>\n<div dir=\"auto\">6. Ksi\u0105\u017cki nale\u017cy zwraca\u0107 do biblioteki wraz z kartk\u0105 z zapisanym dniem zwrotu. Nast\u0119pnie zostaj\u0105 one umieszczone w specjalnie przygotowanych pojemnikach. Ksi\u0105\u017cki b\u0119d\u0105 mog\u0142y by\u0107 udost\u0119pniane do wypo\u017cycze\u0144 po up\u0142ywie min. 3 dni niezb\u0119dnych dla kwarantanny.<\/div>\n<div dir=\"auto\">7. Zasady przebywania w bibliotece:<\/div>\n<div dir=\"auto\">\u2022 uczniowie i nauczyciele korzystaj\u0105 z biblioteki zgodnie z godzinami umieszczonymi na drzwiach biblioteki oraz na stronie internetowej Szko\u0142y;<\/div>\n<div dir=\"auto\">\u2022 przed wej\u015bciem do biblioteki nale\u017cy zdezynfekowa\u0107 d\u0142onie;<\/div>\n<div dir=\"auto\">\u2022 w pomieszczeniach biblioteki uczniowie i nauczyciele przebywaj\u0105 w maseczkach lub przy\u0142bicach;<\/div>\n<div dir=\"auto\">\u2022 przebywaj\u0105cy w bibliotece zachowuj\u0105 bezpieczn\u0105 odleg\u0142o\u015b\u0107, min. 1.5 m. od pozosta\u0142ych u\u017cytkownik\u00f3w oraz personelu biblioteki;<\/div>\n<div dir=\"auto\">\u2022 w bibliotece mo\u017ce przebywa\u0107 w jednym czasie nie wi\u0119cej ni\u017c 6 os\u00f3b;<\/div>\n<div dir=\"auto\">\u2022 nale\u017cy zachowa\u0107 podstawowe zasady bezpiecze\u0144stwa i higieny: nie dotyka\u0107 d\u0142o\u0144mi okolic oczu, ust, nosa, podczas kichania zas\u0142ania\u0107 usta i nos chusteczk\u0105 lub zgi\u0119tym \u0142okciem.<\/div>\n<div dir=\"auto\">8. Zasady wypo\u017cyczania ksi\u0105\u017cek:<\/div>\n<div dir=\"auto\">\u2022 wypo\u017cyczenia i zwroty ksi\u0105\u017cek odbywaj\u0105 si\u0119 w drzwiach sali nr 117;<\/div>\n<div dir=\"auto\">\u2022 ksi\u0105\u017cki wypo\u017cyczane s\u0105 na bie\u017c\u0105co.<\/div>\n<div dir=\"auto\">9. Zasady zwrotu ksi\u0105\u017cek:<\/div>\n<div dir=\"auto\">\u2022 zwracane ksi\u0105\u017cki i podr\u0119czniki nale\u017cy umie\u015bci\u0107 w specjalnie oznaczonym pojemniku, kt\u00f3ry znajduje si\u0119 przy stole wypo\u017cycze\u0144, obok sali nr 117;<\/div>\n<div dir=\"auto\">\u2022 ksi\u0105\u017cki musz\u0105 zawiera\u0107 informacj\u0119: imi\u0119, nazwisko ucznia, klasa, data zwrotu;<\/div>\n<div dir=\"auto\">\u2022 zwr\u00f3cone egzemplarze s\u0105 poddawane 3-dniowej kwarantannie i w tym czasie pozostaj\u0105 wy\u0142\u0105czone z wypo\u017cyczania;<\/div>\n<div dir=\"auto\">\u2022 ucze\u0144 dokonuj\u0105cy zwrotu ksi\u0105\u017cek powinien by\u0107 w maseczce lub przy\u0142bicy.<\/div>\n<div dir=\"auto\">10. Zasady korzystania z ksi\u0119gozbioru podr\u0119cznego:<\/div>\n<div dir=\"auto\">\u2022 korzystanie z ksi\u0119gozbioru podr\u0119cznego znajduj\u0105cego si\u0119 w czytelni odbywa si\u0119 po uprzednim zg\u0142oszeniu pracownikowi biblioteki i dezynfekcji r\u0105k;<\/div>\n<div dir=\"auto\">\u2022 ksi\u0105\u017cki, z kt\u00f3rych korzystali czytelnicy nale\u017cy od\u0142o\u017cy\u0107 do specjalnie przygotowanego pojemnika, gdzie poddane zostan\u0105 3-dniowej kwarantannie.<\/div>\n<div dir=\"auto\">11. Zasady korzystania ze stanowisk komputerowych:<\/div>\n<div dir=\"auto\">\u2022 z komputer\u00f3w i drukarki mog\u0105 korzysta\u0107 wy\u0142\u0105cznie osoby po wcze\u015bniejszym zg\u0142oszeniu pracownikowi biblioteki;<\/div>\n<div dir=\"auto\">\u2022 ucze\u0144 przed i po korzystaniu z komputera musi zdezynfekowa\u0107 r\u0119ce;<\/div>\n<div dir=\"auto\">\u2022 przy stanowisku mo\u017ce znajdowa\u0107 si\u0119 1 osoba;<\/div>\n<div dir=\"auto\">\u2022 nale\u017cy zachowa\u0107 bezpieczn\u0105 odleg\u0142o\u015b\u0107 od pozosta\u0142ych os\u00f3b korzystaj\u0105cych ze stanowisk komputerowych \u2013 min. 1.5 m;<\/div>\n<div dir=\"auto\">\u2022 przed i po korzystaniu ze sprz\u0119tu komputerowego, blat sto\u0142u, klawiatura i mysz zostan\u0105 zdezynfekowane przez pracownika biblioteki.<\/div>\n<div dir=\"auto\">12. Zasady post\u0119powania pracownik\u00f3w biblioteki:<\/div>\n<div dir=\"auto\">\u2022 bibliotekarze powinni przebywa\u0107 w bibliotece w r\u0119kawiczkach oraz nosi\u0107 os\u0142on\u0119 nosa i ust podczas wykonywania obowi\u0105zk\u00f3w;<\/div>\n<div dir=\"auto\">\u2022 powinni zachowa\u0107 bezpieczn\u0105 odleg\u0142o\u015b\u0107 od rozm\u00f3wcy ( min. 1.5 m.);<\/div>\n<div dir=\"auto\">\u2022 pracownicy biblioteki maj\u0105 obowi\u0105zek mo\u017cliwie cz\u0119sto wietrzy\u0107 pomieszczenia biblioteki;<\/div>\n<div dir=\"auto\">\u2022 nale\u017cy regularnie dezynfekowa\u0107 powierzchnie wsp\u00f3lne, z kt\u00f3rymi stykaj\u0105 si\u0119 u\u017cytkownicy, np. klamki, drzwi wej\u015bciowe, sto\u0142y;<\/div>\n<div dir=\"auto\">\u2022 bibliotekarze odbieraj\u0105cy zwroty ksi\u0105\u017cek i wydaj\u0105cy zam\u00f3wione egzemplarze powinni dezynfekowa\u0107 blat biurka, na kt\u00f3rym le\u017ca\u0142y ksi\u0105\u017cki;<\/div>\n<div dir=\"auto\">\u2022 pracownicy biblioteki musz\u0105 wyznaczy\u0107 bezpieczne, odizolowane miejsce kwarantanny dla ksi\u0105\u017cek i przechowywa\u0107 je przez okres 3 dni od dokonania zwrotu.<\/div>\n<div dir=\"auto\"><\/div>\n<\/div>\n<h3>Regulamin biblioteki szkolnej<\/h3>\n<p>W bibliotece obowi\u0105zuje cisza, zakaz spo\u017cywania posi\u0142k\u00f3w i napoj\u00f3w.<\/p>\n<ol>\n<li>Z ksi\u0119gozbioru bibliotecznego mog\u0105 korzysta\u0107 wszyscy uczniowie i pracownicy szko\u0142y oraz inne osoby za zgod\u0105 dyrektora szko\u0142y.<\/li>\n<li>Wypo\u017cycza\u0107 ksi\u0105\u017cki wolno jedynie na swoje nazwisko. Czytelnik zobowi\u0105zany jest do przed\u0142o\u017cenia identyfikatora .<\/li>\n<li>Dokonuj\u0105c zwrot\u00f3w ksi\u0105\u017cek nale\u017cy poda\u0107 swoje nazwisko i imi\u0119. Nie wolno pozostawia\u0107 wypo\u017cyczonych ksi\u0105\u017cek bez wypisania ich z pami\u0119ci komputera.<\/li>\n<li>Wypo\u017cycze\u0144 dla nauczycieli i pracownik\u00f3w szko\u0142y dokonuje si\u0119 indywidualnie na podstawie identyfikatora.<\/li>\n<li>Maksymalny czas wypo\u017cycze\u0144 ksi\u0105\u017cki &#8211; dwa miesi\u0105ce. Za zgod\u0105 bibliotekarza mo\u017cna j\u0105 prolongowa\u0107 na kolejny okres.<\/li>\n<li>Ucze\u0144 mo\u017ce posiada\u0107 na swoim koncie wiele ksi\u0105\u017cek, w tym najwy\u017cej trzy lektury. O ilo\u015bci pozosta\u0142ych pozycji decyduje bibliotekarz.<\/li>\n<li>Czytelnik zobowi\u0105zany jest do szanowania wypo\u017cyczonych ksi\u0105\u017cek.<\/li>\n<li>Czytelnik, kt\u00f3ry zagubi lub zniszczy wypo\u017cyczon\u0105 ksi\u0105\u017ck\u0119 zobowi\u0105zany jest odkupi\u0107 ksi\u0105\u017ck\u0119 o takim samym tytule lub podobnej tematyce za zgod\u0105 bibliotekarza.<\/li>\n<li>Na dwa tygodnie przed zako\u0144czeniem roku szkolnego ka\u017cdy czytelnik ma obowi\u0105zek odda\u0107 wszystkie wypo\u017cyczone ksi\u0105\u017cki podr\u0119czniki.<\/li>\n<li>Przegl\u0105danie zasob\u00f3w bibliotecznych mo\u017ce odbywa\u0107 si\u0119 na stronie WWW biblioteki \/katalogi biblioteczne\/.<\/li>\n<li>Z ksi\u0119gozbioru podr\u0119cznego czytelnicy mog\u0105 korzysta\u0107 za zgod\u0105 bibliotekarza.<\/li>\n<li>Z czasopism mo\u017cna korzysta\u0107 tylko w czytelni. Wypo\u017cycza\u0107 mo\u017cna starsze numery czasopism za zgod\u0105 bibliotekarza.<\/li>\n<li>Zasady korzystania ze stanowisk komputerowych okre\u015bla odr\u0119bny regulamin.<\/li>\n<li>Z zasob\u00f3w multimedialnych korzystaj\u0105 nauczyciele i uczniowie.<\/li>\n<li>Filmy wypo\u017cyczane s\u0105 przede wszystkim nauczycielom do wykorzystania na lekcjach, pozosta\u0142ym czytelnikom za zgod\u0105 bibliotekarza.<\/li>\n<li>Uczniowie wypo\u017cyczaj\u0105cy podr\u0119czniki w ramach programu \u201eBydgoska Rodzina 3+\u201d zobowi\u0105zani s\u0105 odda\u0107 podr\u0119czniki do ko\u0144ca roku szkolnego. W przypadku zniszczenia podr\u0119cznika lub zagubienia ucze\u0144 jest zobowi\u0105zany odkupi\u0107 ksi\u0105\u017ck\u0119.<\/li>\n<\/ol>\n<p><strong><u>REGULAMIN KORZYSTANIA ZE STANOWISK KOMPUTEROWYCH<\/u><\/strong><\/p>\n<ol>\n<li>Stanowiska komputerowe s\u0142u\u017c\u0105 wy\u0142\u0105cznie do :<\/li>\n<\/ol>\n<p>&#8211; poszukiwa\u0144 \u017ar\u00f3d\u0142owych za pomoc\u0105 sieci INTERNET,<\/p>\n<p>&#8211; opracowywania i przygotowywania materia\u0142\u00f3w przy u\u017cyciu program\u00f3w zainstalowanych na komputerach,<\/p>\n<ol start=\"2\">\n<li>Nie mo\u017cna wykorzystywa\u0107 komputera do gier sieciowych.<\/li>\n<li>U\u017cytkownik mo\u017ce korzysta\u0107 tylko z zainstalowanego oprogramowania. Zabrania si\u0119 instalowania innych program\u00f3w i dokonywania zmian w ju\u017c istniej\u0105cych oprogramowaniach oraz ustawieniach komputera.<\/li>\n<\/ol>\n<p><strong>Zainstalowanie nowego programu mo\u017ce odby\u0107 si\u0119 jedynie za zgod\u0105 pracownika biblioteki.<\/strong><\/p>\n<ol start=\"4\">\n<li>Przy stanowisku mo\u017ce pracowa\u0107 jedna, ewentualnie dwie osoby.<\/li>\n<li>Z drukarki sieciowej mo\u017cna korzysta\u0107 za zgod\u0105 bibliotekarza. Cena wydruku 1 strony &#8211; 0,10 z\u0142. Ca\u0142kowity koszt wydruku (ilo\u015b\u0107 stron) pokrywa ucze\u0144.<\/li>\n<li>Internet s\u0142u\u017cy przede wszystkim do cel\u00f3w edukacyjnych.<\/li>\n<li>Zabronione jest korzystanie z komputera w celach zarobkowych, wykonywania czynno\u015bci naruszaj\u0105cych prawa autorskie tw\u00f3rc\u00f3w i dystrybutor\u00f3w oprogramowania danych.<\/li>\n<li>Za wszelkie mechaniczne uszkodzenia sprz\u0119tu komputerowego i oprogramowania odpowiada\/finansowo\/ u\u017cytkownik. Je\u015bli jest niepe\u0142noletni w\u00f3wczas odpowiedzialno\u015b\u0107 ponosz\u0105 rodzice.<\/li>\n<\/ol>\n","protected":false},"excerpt":{"rendered":"<p>PROCEDURY BEZPIECZE\u0143STWA W OKRESIE PANDEMII COVID-19 NA TERENIE ZESPO\u0141U SZK\u00d3\u0141 ELEKTRONICZNYCH IM.WOJSKA POLSKIEGO W BYDGOSZCZY \u00a7 7.\u00a0 Zasady korzystania z biblioteki szkolnej 1. Biblioteka prowadzi normaln\u0105 dzia\u0142alno\u015b\u0107 zwi\u0105zan\u0105 z wypo\u017cyczaniem ksi\u0105\u017cek i udost\u0119pnieniem czasopism w czytelni z uwarunkowaniami zwi\u0105zanymi z <a href=\"https:\/\/biblioteka.zse.bydgoszcz.pl\/index.php\/regulaminy\/\" class=\"read-more\">Read More &#8230;<\/a><\/p>\n","protected":false},"author":1,"featured_media":0,"parent":0,"menu_order":0,"comment_status":"closed","ping_status":"closed","template":"","meta":{"footnotes":""},"class_list":["post-11","page","type-page","status-publish","hentry"],"_links":{"self":[{"href":"https:\/\/biblioteka.zse.bydgoszcz.pl\/index.php\/wp-json\/wp\/v2\/pages\/11","targetHints":{"allow":["GET"]}}],"collection":[{"href":"https:\/\/biblioteka.zse.bydgoszcz.pl\/index.php\/wp-json\/wp\/v2\/pages"}],"about":[{"href":"https:\/\/biblioteka.zse.bydgoszcz.pl\/index.php\/wp-json\/wp\/v2\/types\/page"}],"author":[{"embeddable":true,"href":"https:\/\/biblioteka.zse.bydgoszcz.pl\/index.php\/wp-json\/wp\/v2\/users\/1"}],"replies":[{"embeddable":true,"href":"https:\/\/biblioteka.zse.bydgoszcz.pl\/index.php\/wp-json\/wp\/v2\/comments?post=11"}],"version-history":[{"count":11,"href":"https:\/\/biblioteka.zse.bydgoszcz.pl\/index.php\/wp-json\/wp\/v2\/pages\/11\/revisions"}],"predecessor-version":[{"id":279,"href":"https:\/\/biblioteka.zse.bydgoszcz.pl\/index.php\/wp-json\/wp\/v2\/pages\/11\/revisions\/279"}],"wp:attachment":[{"href":"https:\/\/biblioteka.zse.bydgoszcz.pl\/index.php\/wp-json\/wp\/v2\/media?parent=11"}],"curies":[{"name":"wp","href":"https:\/\/api.w.org\/{rel}","templated":true}]}}