{"id":22,"date":"2016-03-03T09:46:53","date_gmt":"2016-03-03T08:46:53","guid":{"rendered":"http:\/\/biblioteka.zse.bydgoszcz.pl\/beta\/?page_id=22"},"modified":"2017-03-21T14:05:58","modified_gmt":"2017-03-21T13:05:58","slug":"zbiory-on-line","status":"publish","type":"page","link":"https:\/\/biblioteka.zse.bydgoszcz.pl\/index.php\/zbiory-on-line\/","title":{"rendered":"Ksi\u0119gozbi\u00f3r on-line"},"content":{"rendered":"<p>Ksi\u0119gozbi\u00f3r mo\u017cna przegl\u0105da\u0107 on-line tylko ze stanowisk komputerowych znajduj\u0105cych si\u0119 w bibliotece szkolnej. Istnieje r\u00f3wnie\u017c mo\u017cliwo\u015b\u0107 przegl\u0105dania w\u0142asnego konta czytelnika po uprzednim wpisaniu has\u0142a w programie MOL\u00a0 na stanowisku komputerowym bibliotekarza. Zapraszamy!<\/p>\n<h3 style=\"text-align: center;\"><a href=\"http:\/\/mol.biblioteka.zse.bydgoszcz.pl\/cgi-bin\/MOLOptivumOpac.dll\">Przejd\u017a do ksi\u0119gozbioru on-line<\/a><\/h3>\n","protected":false},"excerpt":{"rendered":"<p>Ksi\u0119gozbi\u00f3r mo\u017cna przegl\u0105da\u0107 on-line tylko ze stanowisk komputerowych znajduj\u0105cych si\u0119 w bibliotece szkolnej. Istnieje r\u00f3wnie\u017c mo\u017cliwo\u015b\u0107 przegl\u0105dania w\u0142asnego konta czytelnika po uprzednim wpisaniu has\u0142a w programie MOL\u00a0 na stanowisku komputerowym bibliotekarza. Zapraszamy! Przejd\u017a do ksi\u0119gozbioru on-line<\/p>\n","protected":false},"author":1,"featured_media":0,"parent":0,"menu_order":0,"comment_status":"closed","ping_status":"closed","template":"","meta":{"footnotes":""},"class_list":["post-22","page","type-page","status-publish","hentry"],"_links":{"self":[{"href":"https:\/\/biblioteka.zse.bydgoszcz.pl\/index.php\/wp-json\/wp\/v2\/pages\/22","targetHints":{"allow":["GET"]}}],"collection":[{"href":"https:\/\/biblioteka.zse.bydgoszcz.pl\/index.php\/wp-json\/wp\/v2\/pages"}],"about":[{"href":"https:\/\/biblioteka.zse.bydgoszcz.pl\/index.php\/wp-json\/wp\/v2\/types\/page"}],"author":[{"embeddable":true,"href":"https:\/\/biblioteka.zse.bydgoszcz.pl\/index.php\/wp-json\/wp\/v2\/users\/1"}],"replies":[{"embeddable":true,"href":"https:\/\/biblioteka.zse.bydgoszcz.pl\/index.php\/wp-json\/wp\/v2\/comments?post=22"}],"version-history":[{"count":8,"href":"https:\/\/biblioteka.zse.bydgoszcz.pl\/index.php\/wp-json\/wp\/v2\/pages\/22\/revisions"}],"predecessor-version":[{"id":198,"href":"https:\/\/biblioteka.zse.bydgoszcz.pl\/index.php\/wp-json\/wp\/v2\/pages\/22\/revisions\/198"}],"wp:attachment":[{"href":"https:\/\/biblioteka.zse.bydgoszcz.pl\/index.php\/wp-json\/wp\/v2\/media?parent=22"}],"curies":[{"name":"wp","href":"https:\/\/api.w.org\/{rel}","templated":true}]}}