{"id":258,"date":"2020-05-14T22:14:09","date_gmt":"2020-05-14T20:14:09","guid":{"rendered":"http:\/\/biblioteka.zse.bydgoszcz.pl\/?page_id=258"},"modified":"2020-05-14T22:14:10","modified_gmt":"2020-05-14T20:14:10","slug":"projekty","status":"publish","type":"page","link":"https:\/\/biblioteka.zse.bydgoszcz.pl\/index.php\/projekty\/","title":{"rendered":"Projekty"},"content":{"rendered":"\n<h2 class=\"wp-block-heading\">Poprzez Przesz\u0142o\u015b\u0107 w Przysz\u0142o\u015b\u0107 &#8211; Historia Bydgoskiej Rodziny Kupieckiej<\/h2>\n\n\n\n<p>Projekt zosta\u0142 zrealizowany w 2016 r. we wsp\u00f3\u0142pracy z Mi\u0119dzynarodowym Centrum Zarz\u0105dzania Informacj\u0105 w Toruniu. Wystawa jest owocem prac badawczych  m\u0142odzie\u017cy z Zespo\u0142u Szk\u00f3\u0142 Elektronicznych w Bydgoszczy. Powsta\u0142a w  ramach projektu wsp\u00f3\u0142finansowanego przez MEN &#8222;Poprzez przesz\u0142o\u015b\u0107&nbsp; w  przysz\u0142o\u015b\u0107&#8221;, kt\u00f3rego tematem by\u0142y nieznane aspekty \u017cycia miasta na  przestrzeni XX wieku i ich wp\u0142yw na wsp\u00f3\u0142czesny jego charakter.  Uczniowie z Elektronika wraz z opiekunami postanowili zbada\u0107 histori\u0119  najokazalszej kamienicy stoj\u0105cej w sercu miasta przy Starym Rynku 20 i  pozna\u0107 dzieje jej budowniczych. Inspiracj\u0105 by\u0142 stary wieszak z nazw\u0105  firmy handlowej znaleziony w szafie dziadk\u00f3w jednej z opiekunek  projektu. Nikt jednak nie spodziewa\u0142 si\u0119, \u017ce ten niewielki przedmiot  codziennego u\u017cytku mo\u017ce kry\u0107 w sobie tyle tajemnic i by\u0107 pocz\u0105tkiem  fascynuj\u0105cej podr\u00f3\u017cy historycznej. <a href=\"http:\/\/eduwystawy.eu\/bydgoszcz\/pl\">Zapraszamy do obejrzenia WYSTAWY.<\/a><\/p>\n\n\n\n<figure class=\"wp-block-image size-large\"><a href=\"http:\/\/eduwystawy.eu\/bydgoszcz\/pl\"><img loading=\"lazy\" decoding=\"async\" width=\"1000\" height=\"440\" src=\"http:\/\/biblioteka.zse.bydgoszcz.pl\/wp-content\/uploads\/2020\/05\/rodzina-kupiecka.bmp\" alt=\"\" class=\"wp-image-259\"\/><\/a><\/figure>\n\n\n\n<h2 class=\"wp-block-heading\">Polacy nieprzeci\u0119tni. Marian Rejewski<\/h2>\n\n\n\n<p>Projekt &#8222;Polacy nieprzeci\u0119tni&#8221; by\u0142 realizowany w 2018 r.pod kierunkiem  Stowarzyszenia Mi\u0119dzynarodowe Centrum Zarz\u0105dzania Informacj\u0105 z siedzib\u0105 w  Toruniu, w okresie od sierpnia do grudnia 2018 r. Projekt zosta\u0142  dofinansowany przez Ministerstwo Edukacji Narodowej w ramach Programu  wspierania rozwoju uczni\u00f3w wybitnie uzdolnionych.  Zadaniem  uczni\u00f3w, pracuj\u0105cych w ma\u0142ych grupach, by\u0142o prowadzenie bada\u0144  nad  wybranymi biografiami os\u00f3b, kt\u00f3re \u017cy\u0142y i tworzy\u0142y w Niepodleg\u0142ej  Polsce  \u015bwi\u0119tuj\u0105cej w tym roku 100-lecie zmaga\u0144 o pomy\u015blno\u015b\u0107. Efektem  ko\u0144cowym  bada\u0144 jest przedstawienie rezultat\u00f3w w formie wystawy  wirtualnej,  opartej na samodzielnie uzyskanych materia\u0142ach  (dokumentach,  fotografiach, wywiadach) pochodz\u0105cych z r\u00f3\u017cnych \u017ar\u00f3de\u0142, w  tym tak\u017ce  prywatnych, wcze\u015bniej nie publikowanych. <a href=\"http:\/\/eduwystawy.eu\/nieprzecietni\/rejewski\/\">Zapraszamy na wystaw\u0119.<\/a><\/p>\n\n\n\n<figure class=\"wp-block-image size-large\"><a href=\"http:\/\/eduwystawy.eu\/nieprzecietni\/rejewski\/\"><img loading=\"lazy\" decoding=\"async\" width=\"1000\" height=\"468\" src=\"http:\/\/biblioteka.zse.bydgoszcz.pl\/wp-content\/uploads\/2020\/05\/rejewski.bmp\" alt=\"\" class=\"wp-image-262\"\/><\/a><\/figure>\n","protected":false},"excerpt":{"rendered":"<p>Poprzez Przesz\u0142o\u015b\u0107 w Przysz\u0142o\u015b\u0107 &#8211; Historia Bydgoskiej Rodziny Kupieckiej Projekt zosta\u0142 zrealizowany w 2016 r. we wsp\u00f3\u0142pracy z Mi\u0119dzynarodowym Centrum Zarz\u0105dzania Informacj\u0105 w Toruniu. Wystawa jest owocem prac badawczych m\u0142odzie\u017cy z Zespo\u0142u Szk\u00f3\u0142 Elektronicznych w Bydgoszczy. Powsta\u0142a w ramach projektu <a href=\"https:\/\/biblioteka.zse.bydgoszcz.pl\/index.php\/projekty\/\" class=\"read-more\">Read More &#8230;<\/a><\/p>\n","protected":false},"author":1,"featured_media":0,"parent":0,"menu_order":0,"comment_status":"closed","ping_status":"closed","template":"","meta":{"footnotes":""},"class_list":["post-258","page","type-page","status-publish","hentry"],"_links":{"self":[{"href":"https:\/\/biblioteka.zse.bydgoszcz.pl\/index.php\/wp-json\/wp\/v2\/pages\/258","targetHints":{"allow":["GET"]}}],"collection":[{"href":"https:\/\/biblioteka.zse.bydgoszcz.pl\/index.php\/wp-json\/wp\/v2\/pages"}],"about":[{"href":"https:\/\/biblioteka.zse.bydgoszcz.pl\/index.php\/wp-json\/wp\/v2\/types\/page"}],"author":[{"embeddable":true,"href":"https:\/\/biblioteka.zse.bydgoszcz.pl\/index.php\/wp-json\/wp\/v2\/users\/1"}],"replies":[{"embeddable":true,"href":"https:\/\/biblioteka.zse.bydgoszcz.pl\/index.php\/wp-json\/wp\/v2\/comments?post=258"}],"version-history":[{"count":4,"href":"https:\/\/biblioteka.zse.bydgoszcz.pl\/index.php\/wp-json\/wp\/v2\/pages\/258\/revisions"}],"predecessor-version":[{"id":265,"href":"https:\/\/biblioteka.zse.bydgoszcz.pl\/index.php\/wp-json\/wp\/v2\/pages\/258\/revisions\/265"}],"wp:attachment":[{"href":"https:\/\/biblioteka.zse.bydgoszcz.pl\/index.php\/wp-json\/wp\/v2\/media?parent=258"}],"curies":[{"name":"wp","href":"https:\/\/api.w.org\/{rel}","templated":true}]}}